{"id":921,"date":"2026-04-14T15:45:35","date_gmt":"2026-04-14T15:45:35","guid":{"rendered":"http:\/\/weinaufbier.de\/?page_id=921"},"modified":"2026-04-18T14:41:59","modified_gmt":"2026-04-18T14:41:59","slug":"hotel","status":"publish","type":"page","link":"https:\/\/hoepfner-burghof.com\/en\/hotel\/","title":{"rendered":"Hotel"},"content":{"rendered":"<style>.kb-row-layout-id921_ff22e3-46 > .kt-row-column-wrap{align-content:center;}:where(.kb-row-layout-id921_ff22e3-46 > .kt-row-column-wrap) > .wp-block-kadence-column{justify-content:center;}.kb-row-layout-id921_ff22e3-46 > .kt-row-column-wrap{column-gap:var(--global-kb-gap-lg, 4rem);row-gap:var(--global-kb-gap-none, 0rem );max-width:var( --global-content-width, 1290px );padding-left:var(--global-content-edge-padding);padding-right:var(--global-content-edge-padding);padding-top:var(--global-kb-spacing-5xl, 10rem);padding-bottom:var(--global-kb-spacing-3xl, 6.5rem);grid-template-columns:minmax(0, calc(55% - ((var(--global-kb-gap-lg, 4rem) * 1 )\/2)))minmax(0, calc(45% - ((var(--global-kb-gap-lg, 4rem) * 1 )\/2)));}.kb-row-layout-id921_ff22e3-46{background-image:linear-gradient(90deg,var(--global-palette7,#EDF2F7) 65%,var(--global-palette9,#ffffff) 65%);}.kb-row-layout-id921_ff22e3-46 > .kt-row-layout-overlay{opacity:1;}@media all and (max-width: 1024px){.kb-row-layout-id921_ff22e3-46 > .kt-row-column-wrap{column-gap:var(--global-kb-gap-md, 2rem);padding-top:var(--global-kb-spacing-3xl, 6.5rem);padding-bottom:var(--global-kb-spacing-3xl, 6.5rem);grid-template-columns:repeat(2, minmax(0, 1fr));}}@media all and (max-width: 767px){.kb-row-layout-id921_ff22e3-46 > .kt-row-column-wrap{padding-top:var(--global-kb-spacing-3xl, 6.5rem);padding-bottom:var(--global-kb-spacing-xl, 4rem);grid-template-columns:minmax(0, 1fr);}}<\/style><div class=\"kb-row-layout-wrap kb-row-layout-id921_ff22e3-46 alignfull has-theme-palette8-background-color kt-row-has-bg wp-block-kadence-rowlayout\"><div class=\"kt-row-column-wrap kt-has-2-columns kt-row-layout-equal kt-tab-layout-inherit kt-mobile-layout-row kt-row-valign-middle kb-theme-content-width\">\n<style>.kadence-column921_b60e7a-97 > .kt-inside-inner-col,.kadence-column921_b60e7a-97 > .kt-inside-inner-col:before{border-top-left-radius:0px;border-top-right-radius:0px;border-bottom-right-radius:0px;border-bottom-left-radius:0px;}.kadence-column921_b60e7a-97 > .kt-inside-inner-col{column-gap:var(--global-kb-gap-sm, 1rem);}.kadence-column921_b60e7a-97 > .kt-inside-inner-col{flex-direction:column;}.kadence-column921_b60e7a-97 > .kt-inside-inner-col > .aligncenter{width:100%;}.kadence-column921_b60e7a-97 > .kt-inside-inner-col:before{opacity:0.3;}.kadence-column921_b60e7a-97{position:relative;}@media all and (max-width: 1024px){.kadence-column921_b60e7a-97 > .kt-inside-inner-col{padding-right:0px;flex-direction:column;justify-content:center;}}@media all and (max-width: 1024px){.kadence-column921_b60e7a-97{text-align:center;}}@media all and (max-width: 767px){.kadence-column921_b60e7a-97 > .kt-inside-inner-col{flex-direction:column;justify-content:center;}.kadence-column921_b60e7a-97, .kt-inside-inner-col > .kadence-column921_b60e7a-97:not(.specificity){margin-bottom:var(--global-kb-spacing-md, 2rem);}}<\/style>\n<div class=\"wp-block-kadence-column kadence-column921_b60e7a-97 kb-section-dir-vertical inner-column-1\"><div class=\"kt-inside-inner-col\"><style>.wp-block-kadence-advancedheading.kt-adv-heading921_5c2de9-3f, .wp-block-kadence-advancedheading.kt-adv-heading921_5c2de9-3f[data-kb-block=\"kb-adv-heading921_5c2de9-3f\"]{margin-top:0px;margin-bottom:var(--global-kb-spacing-lg, 3rem);font-size:var(--global-kb-font-size-xxl, 4rem);line-height:1.2;font-style:normal;}.wp-block-kadence-advancedheading.kt-adv-heading921_5c2de9-3f mark.kt-highlight, .wp-block-kadence-advancedheading.kt-adv-heading921_5c2de9-3f[data-kb-block=\"kb-adv-heading921_5c2de9-3f\"] mark.kt-highlight{font-style:normal;color:#f76a0c;-webkit-box-decoration-break:clone;box-decoration-break:clone;padding-top:0px;padding-right:0px;padding-bottom:0px;padding-left:0px;}.wp-block-kadence-advancedheading.kt-adv-heading921_5c2de9-3f img.kb-inline-image, .wp-block-kadence-advancedheading.kt-adv-heading921_5c2de9-3f[data-kb-block=\"kb-adv-heading921_5c2de9-3f\"] img.kb-inline-image{width:150px;vertical-align:baseline;}@media all and (max-width: 1024px){.wp-block-kadence-advancedheading.kt-adv-heading921_5c2de9-3f, .wp-block-kadence-advancedheading.kt-adv-heading921_5c2de9-3f[data-kb-block=\"kb-adv-heading921_5c2de9-3f\"]{font-size:var(--global-kb-font-size-lg, 2rem);text-align:left!important;}}<\/style>\n<h1 class=\"kt-adv-heading921_5c2de9-3f wp-block-kadence-advancedheading\" data-kb-block=\"kb-adv-heading921_5c2de9-3f\">Burghotel<\/h1>\n\n\n<style>.wp-block-kadence-advancedheading.kt-adv-heading921_f0d81f-38, .wp-block-kadence-advancedheading.kt-adv-heading921_f0d81f-38[data-kb-block=\"kb-adv-heading921_f0d81f-38\"]{margin-top:0px;margin-bottom:var(--global-kb-spacing-lg, 3rem);font-size:var(--global-kb-font-size-xxl, 4rem);line-height:1.2;font-style:normal;}.wp-block-kadence-advancedheading.kt-adv-heading921_f0d81f-38 mark.kt-highlight, .wp-block-kadence-advancedheading.kt-adv-heading921_f0d81f-38[data-kb-block=\"kb-adv-heading921_f0d81f-38\"] mark.kt-highlight{font-style:normal;color:#f76a0c;-webkit-box-decoration-break:clone;box-decoration-break:clone;padding-top:0px;padding-right:0px;padding-bottom:0px;padding-left:0px;}.wp-block-kadence-advancedheading.kt-adv-heading921_f0d81f-38 img.kb-inline-image, .wp-block-kadence-advancedheading.kt-adv-heading921_f0d81f-38[data-kb-block=\"kb-adv-heading921_f0d81f-38\"] img.kb-inline-image{width:150px;vertical-align:baseline;}@media all and (max-width: 1024px){.wp-block-kadence-advancedheading.kt-adv-heading921_f0d81f-38, .wp-block-kadence-advancedheading.kt-adv-heading921_f0d81f-38[data-kb-block=\"kb-adv-heading921_f0d81f-38\"]{font-size:var(--global-kb-font-size-lg, 2rem);text-align:left!important;}}<\/style>\n<h1 class=\"kt-adv-heading921_f0d81f-38 wp-block-kadence-advancedheading\" data-kb-block=\"kb-adv-heading921_f0d81f-38\">Hoepfner Burghof<\/h1>\n\n\n\n<h2 class=\"wp-block-heading\">\u00dcbernachten im Hoepfner Burghof<\/h2>\n\n\n<style>.wp-block-kadence-advancedheading.kt-adv-heading921_2215f7-5a, .wp-block-kadence-advancedheading.kt-adv-heading921_2215f7-5a[data-kb-block=\"kb-adv-heading921_2215f7-5a\"]{font-style:normal;}.wp-block-kadence-advancedheading.kt-adv-heading921_2215f7-5a mark.kt-highlight, .wp-block-kadence-advancedheading.kt-adv-heading921_2215f7-5a[data-kb-block=\"kb-adv-heading921_2215f7-5a\"] mark.kt-highlight{font-style:normal;color:#f76a0c;-webkit-box-decoration-break:clone;box-decoration-break:clone;padding-top:0px;padding-right:0px;padding-bottom:0px;padding-left:0px;}.wp-block-kadence-advancedheading.kt-adv-heading921_2215f7-5a img.kb-inline-image, .wp-block-kadence-advancedheading.kt-adv-heading921_2215f7-5a[data-kb-block=\"kb-adv-heading921_2215f7-5a\"] img.kb-inline-image{width:150px;vertical-align:baseline;}@media all and (max-width: 1024px){.wp-block-kadence-advancedheading.kt-adv-heading921_2215f7-5a, .wp-block-kadence-advancedheading.kt-adv-heading921_2215f7-5a[data-kb-block=\"kb-adv-heading921_2215f7-5a\"]{text-align:left!important;}}<\/style>\n<p class=\"kt-adv-heading921_2215f7-5a wp-block-kadence-advancedheading has-theme-palette-4-color has-text-color\" data-kb-block=\"kb-adv-heading921_2215f7-5a\">\u00dcbernachten Sie im einzigartigen Ambiente des Hoepfner Burghofs und verbinden Sie historischen Charme mit modernem Komfort. Unsere stilvoll eingerichteten Zimmer bieten den idealen R\u00fcckzugsort \u2013 ob f\u00fcr Gesch\u00e4ftsreisen, Wochenendaufenthalte oder im Rahmen einer Veranstaltung direkt vor Ort.<\/p>\n\n\n\n<h2 class=\"wp-block-heading\">Zimmer &amp; Ausstattung<\/h2>\n\n\n\n<p>Unsere Zimmer sind komfortabel ausgestattet und bieten alles, was Sie f\u00fcr einen angenehmen Aufenthalt ben\u00f6tigen. Die ruhige Atmosph\u00e4re im historischen Geb\u00e4ude schafft eine besondere Umgebung, in der Sie sich sofort wohlf\u00fchlen.<\/p>\n\n\n\n<h2 class=\"wp-block-heading\">Mehr als nur \u00dcbernachten<\/h2>\n\n\n\n<p>Genie\u00dfen Sie zus\u00e4tzlich die Vorteile unseres Hauses: gutb\u00fcrgerliche K\u00fcche, frisch gezapftes Bier und kurze Wege zwischen Restaurant, Eventlocation und Hotel. So wird Ihr Aufenthalt zu einem rundum stimmigen Erlebnis.<\/p>\n\n\n\n<h2 class=\"wp-block-heading\">Lage &amp; Erreichbarkeit<\/h2>\n\n\n\n<p>Der Hoepfner Burghof liegt zentral in Karlsruhe und ist sowohl mit dem Auto als auch mit \u00f6ffentlichen Verkehrsmitteln bequem erreichbar. Damit ist er der perfekte Ausgangspunkt f\u00fcr Ihren Aufenthalt in der Region.<\/p>\n\n\n<style>.wp-block-kadence-advancedbtn.kb-btns921_3bc020-b9{gap:var(--global-kb-gap-xs, 0.5rem );justify-content:flex-start;align-items:center;}.kt-btns921_3bc020-b9 .kt-button{font-weight:normal;font-style:normal;}.kt-btns921_3bc020-b9 .kt-btn-wrap-0{margin-right:5px;}.wp-block-kadence-advancedbtn.kt-btns921_3bc020-b9 .kt-btn-wrap-0 .kt-button{color:#555555;border-color:#555555;}.wp-block-kadence-advancedbtn.kt-btns921_3bc020-b9 .kt-btn-wrap-0 .kt-button:hover, .wp-block-kadence-advancedbtn.kt-btns921_3bc020-b9 .kt-btn-wrap-0 .kt-button:focus{color:#ffffff;border-color:#444444;}.wp-block-kadence-advancedbtn.kt-btns921_3bc020-b9 .kt-btn-wrap-0 .kt-button::before{display:none;}.wp-block-kadence-advancedbtn.kt-btns921_3bc020-b9 .kt-btn-wrap-0 .kt-button:hover, .wp-block-kadence-advancedbtn.kt-btns921_3bc020-b9 .kt-btn-wrap-0 .kt-button:focus{background:#444444;}@media all and (max-width: 1024px){.wp-block-kadence-advancedbtn.kb-btns921_3bc020-b9{justify-content:flex-start;}}<\/style>\n<div class=\"wp-block-kadence-advancedbtn kb-buttons-wrap kb-btns921_3bc020-b9\"><style>ul.menu .wp-block-kadence-advancedbtn .kb-btn921_fdc55c-5a.kb-button{width:initial;}.wp-block-kadence-advancedbtn .kb-btn921_fdc55c-5a.kb-button{font-size:var(--global-kb-font-size-sm, 0.9rem);letter-spacing:1px;text-transform:uppercase;}<\/style><a class=\"kb-button kt-button button kb-btn921_fdc55c-5a kt-btn-size-standard kt-btn-width-type-auto kb-btn-global-inherit  kt-btn-has-text-true kt-btn-has-svg-false  wp-block-button__link wp-block-kadence-singlebtn\" href=\"https:\/\/reservation.one.dirs21.de\/hoepfner-burghof?range=2026-04-17,2026-04-18&#038;sets=%5B%22uuid%22:%22ce002a39-cbdd-44cd-b1c0-a2df2caaa581%22,%22occupancy%22:%22adultCount%22:2,%22children%22:%5B%5D%5D&#038;los=1\"><span class=\"kt-btn-inner-text\">Jetzt Zimmer buchen<\/span><\/a><\/div>\n<\/div><\/div>\n\n\n<style>.kadence-column921_c9ab6e-84 > .kt-inside-inner-col,.kadence-column921_c9ab6e-84 > .kt-inside-inner-col:before{border-top-left-radius:0px;border-top-right-radius:0px;border-bottom-right-radius:0px;border-bottom-left-radius:0px;}.kadence-column921_c9ab6e-84 > .kt-inside-inner-col{column-gap:var(--global-kb-gap-sm, 1rem);}.kadence-column921_c9ab6e-84 > .kt-inside-inner-col{flex-direction:column;}.kadence-column921_c9ab6e-84 > .kt-inside-inner-col > .aligncenter{width:100%;}.kadence-column921_c9ab6e-84 > .kt-inside-inner-col:before{opacity:0.3;}.kadence-column921_c9ab6e-84{position:relative;}@media all and (max-width: 1024px){.kadence-column921_c9ab6e-84 > .kt-inside-inner-col{flex-direction:column;justify-content:center;}}@media all and (max-width: 767px){.kadence-column921_c9ab6e-84 > .kt-inside-inner-col{flex-direction:column;justify-content:center;}}<\/style>\n<div class=\"wp-block-kadence-column kadence-column921_c9ab6e-84 inner-column-2\"><div class=\"kt-inside-inner-col\"><style>.kb-image921_210a58-c9 .kb-image-has-overlay:after{opacity:0.3;border-top-left-radius:15px;border-top-right-radius:15px;border-bottom-right-radius:15px;border-bottom-left-radius:15px;}.kb-image921_210a58-c9 img.kb-img, .kb-image921_210a58-c9 .kb-img img{border-top-left-radius:15px;border-top-right-radius:15px;border-bottom-right-radius:15px;border-bottom-left-radius:15px;}@media all and (max-width: 767px){.wp-block-kadence-image.kb-image921_210a58-c9:not(.kb-specificity-added):not(.kb-extra-specificity-added){margin-right:0px;margin-left:0px;}}<\/style>\n<figure class=\"wp-block-kadence-image kb-image921_210a58-c9 size-large kb-image-is-ratio-size\"><div class=\"kb-is-ratio-image kb-image-ratio-square\"><img loading=\"lazy\" decoding=\"async\" width=\"1152\" height=\"2048\" src=\"http:\/\/hoepfner-burghof.com\/wp-content\/uploads\/2026\/04\/warm-brewery-setting-in-hamburg-showcasing-traditional.jpeg\" alt=\"Warm brewery setting in Hamburg showcasing traditional decor and vibrant social atmosphere.\" class=\"kb-img wp-image-1062\" srcset=\"https:\/\/hoepfner-burghof.com\/wp-content\/uploads\/2026\/04\/warm-brewery-setting-in-hamburg-showcasing-traditional.jpeg 1152w, https:\/\/hoepfner-burghof.com\/wp-content\/uploads\/2026\/04\/warm-brewery-setting-in-hamburg-showcasing-traditional-169x300.jpeg 169w, https:\/\/hoepfner-burghof.com\/wp-content\/uploads\/2026\/04\/warm-brewery-setting-in-hamburg-showcasing-traditional-576x1024.jpeg 576w, https:\/\/hoepfner-burghof.com\/wp-content\/uploads\/2026\/04\/warm-brewery-setting-in-hamburg-showcasing-traditional-768x1365.jpeg 768w, https:\/\/hoepfner-burghof.com\/wp-content\/uploads\/2026\/04\/warm-brewery-setting-in-hamburg-showcasing-traditional-864x1536.jpeg 864w\" sizes=\"auto, (max-width: 1152px) 100vw, 1152px\" \/><\/div><\/figure>\n\n\n<style>.wp-block-kadence-advancedheading.kt-adv-heading921_d2646e-24, .wp-block-kadence-advancedheading.kt-adv-heading921_d2646e-24[data-kb-block=\"kb-adv-heading921_d2646e-24\"]{font-style:normal;}.wp-block-kadence-advancedheading.kt-adv-heading921_d2646e-24 mark.kt-highlight, .wp-block-kadence-advancedheading.kt-adv-heading921_d2646e-24[data-kb-block=\"kb-adv-heading921_d2646e-24\"] mark.kt-highlight{font-style:normal;color:#f76a0c;-webkit-box-decoration-break:clone;box-decoration-break:clone;padding-top:0px;padding-right:0px;padding-bottom:0px;padding-left:0px;}.wp-block-kadence-advancedheading.kt-adv-heading921_d2646e-24 img.kb-inline-image, .wp-block-kadence-advancedheading.kt-adv-heading921_d2646e-24[data-kb-block=\"kb-adv-heading921_d2646e-24\"] img.kb-inline-image{width:150px;vertical-align:baseline;}<\/style>\n<h2 class=\"kt-adv-heading921_d2646e-24 wp-block-kadence-advancedheading\" data-kb-block=\"kb-adv-heading921_d2646e-24\">Unsere G\u00e4ste sch\u00e4tzen besonders die Kombination aus historischem Ambiente, zentraler Lage und pers\u00f6nlichem Service.<\/h2>\n<\/div><\/div>\n\n<\/div><\/div>\n\n\n<p><\/p>\n","protected":false},"excerpt":{"rendered":"<p>Burghotel Hoepfner Burghof \u00dcbernachten im Hoepfner Burghof \u00dcbernachten Sie im einzigartigen Ambiente des Hoepfner Burghofs und verbinden Sie historischen Charme mit modernem Komfort. Unsere stilvoll eingerichteten Zimmer bieten den idealen&#8230;<\/p>","protected":false},"author":1,"featured_media":0,"parent":0,"menu_order":0,"comment_status":"closed","ping_status":"closed","template":"","meta":{"_EventAllDay":false,"_EventTimezone":"","_EventStartDate":"","_EventEndDate":"","_EventStartDateUTC":"","_EventEndDateUTC":"","_EventShowMap":false,"_EventShowMapLink":false,"_EventURL":"","_EventCost":"","_EventCostDescription":"","_EventCurrencySymbol":"","_EventCurrencyCode":"","_EventCurrencyPosition":"","_EventDateTimeSeparator":"","_EventTimeRangeSeparator":"","_EventOrganizerID":[],"_EventVenueID":[],"_OrganizerEmail":"","_OrganizerPhone":"","_OrganizerWebsite":"","_VenueAddress":"","_VenueCity":"","_VenueCountry":"","_VenueProvince":"","_VenueState":"","_VenueZip":"","_VenuePhone":"","_VenueURL":"","_VenueStateProvince":"","_VenueLat":"","_VenueLng":"","_VenueShowMap":false,"_VenueShowMapLink":false,"_kadence_starter_templates_imported_post":false,"_kad_post_transparent":"","_kad_post_title":"","_kad_post_layout":"","_kad_post_sidebar_id":"","_kad_post_content_style":"","_kad_post_vertical_padding":"","_kad_post_feature":"","_kad_post_feature_position":"","_kad_post_header":false,"_kad_post_footer":false,"_kad_post_classname":"","footnotes":""},"class_list":["post-921","page","type-page","status-publish","hentry"],"_links":{"self":[{"href":"https:\/\/hoepfner-burghof.com\/en\/wp-json\/wp\/v2\/pages\/921","targetHints":{"allow":["GET"]}}],"collection":[{"href":"https:\/\/hoepfner-burghof.com\/en\/wp-json\/wp\/v2\/pages"}],"about":[{"href":"https:\/\/hoepfner-burghof.com\/en\/wp-json\/wp\/v2\/types\/page"}],"author":[{"embeddable":true,"href":"https:\/\/hoepfner-burghof.com\/en\/wp-json\/wp\/v2\/users\/1"}],"replies":[{"embeddable":true,"href":"https:\/\/hoepfner-burghof.com\/en\/wp-json\/wp\/v2\/comments?post=921"}],"version-history":[{"count":5,"href":"https:\/\/hoepfner-burghof.com\/en\/wp-json\/wp\/v2\/pages\/921\/revisions"}],"predecessor-version":[{"id":1176,"href":"https:\/\/hoepfner-burghof.com\/en\/wp-json\/wp\/v2\/pages\/921\/revisions\/1176"}],"wp:attachment":[{"href":"https:\/\/hoepfner-burghof.com\/en\/wp-json\/wp\/v2\/media?parent=921"}],"curies":[{"name":"wp","href":"https:\/\/api.w.org\/{rel}","templated":true}]}}